{"id":2246,"date":"2025-09-18T00:57:16","date_gmt":"2025-09-17T22:57:16","guid":{"rendered":"https:\/\/www.pilsa.com\/info\/?page_id=2246"},"modified":"2025-10-08T13:44:46","modified_gmt":"2025-10-08T11:44:46","slug":"politica-rse","status":"publish","type":"page","link":"https:\/\/www.pilsa.com\/info\/es\/politica-rse\/","title":{"rendered":"Pol\u00edtica RSE"},"content":{"rendered":"\n<div class=\"gb-element-cbfa7af1 alignfull\">\n<div class=\"gb-element-2a1602ad\">\n<div class=\"gb-element-23abbe71\">\n<h1 class=\"gb-text gb-text-0cbb6a53\">Nuestros compromisos de RSE<\/h1>\n\n\n\n<h3 class=\"gb-text gb-text-ca6ddd44\">En el Grupo ECF, un s\u00f3lido sentido compartido de responsabilidad ambiental y social forma parte de nuestro trabajo diario. Esto se refleja en tres compromisos que hemos mantenido estrictamente durante 15 a\u00f1os.<\/h3>\n\n\n\n<p><\/p>\n\n\n\n<a class=\"gb-text gb-text-e567a6a7 custom-button\" href=\"https:\/\/ecfgroup.com\/es\/compromisos-de-rse\/\" target=\"_blank\" rel=\"noopener\">Ver informe ECF 2024\/2025<\/a>\n<\/div>\n<\/div>\n<\/div>\n\n\n\n<div class=\"gb-element-2bb5a54a\">\n<div class=\"gb-element-07b20511\">\n<div>\n<h2 class=\"gb-text gb-text-678d911d\">Nuestro enfoque de RSE<\/h2>\n\n\n\n<p class=\"gb-text gb-text-011bbe64\">Nuestros esfuerzos en materia de Desarrollo Sostenible se formalizaron en 2004 con la firma del Pacto Mundial de las Naciones Unidas. Nuestro compromiso con el medio ambiente, las personas, la solidaridad y la diversidad se refleja en todo lo que hacemos. Estos principios, que conforman la cultura del Grupo ECF, est\u00e1n firmemente arraigados en una s\u00f3lida base de valores perdurables que comparten todos nuestros empleados y socios.<\/p>\n<\/div>\n\n\n\n<div>\n<img decoding=\"async\" width=\"2000\" height=\"1333\" class=\"gb-media-9d2c7795\" alt=\"\" src=\"https:\/\/www.pilsa.com\/info\/wp-content\/uploads\/2025\/09\/rse-background.jpg\" title=\"rse-background\" srcset=\"https:\/\/www.pilsa.com\/info\/wp-content\/uploads\/2025\/09\/rse-background.jpg 2000w, https:\/\/www.pilsa.com\/info\/wp-content\/uploads\/2025\/09\/rse-background-300x200.jpg 300w, https:\/\/www.pilsa.com\/info\/wp-content\/uploads\/2025\/09\/rse-background-1024x682.jpg 1024w, https:\/\/www.pilsa.com\/info\/wp-content\/uploads\/2025\/09\/rse-background-768x512.jpg 768w, https:\/\/www.pilsa.com\/info\/wp-content\/uploads\/2025\/09\/rse-background-1536x1024.jpg 1536w\" sizes=\"(max-width: 2000px) 100vw, 2000px\" \/>\n<\/div>\n<\/div>\n<\/div>\n\n\n\n<div class=\"gb-element-0da83c71 alignfull\">\n<div class=\"gb-element-61b88ff0\">\n<div class=\"gb-element-7a97d57f\">\n<h2 class=\"gb-text gb-text-d983aa0e\">Nuestros 3 compromisos<\/h2>\n<\/div>\n\n\n\n<div class=\"gb-element-3c0090bb\">\n<div class=\"gb-element-eb12634e\">\n<div class=\"gb-element-6d76de1e\">\n<img decoding=\"async\" width=\"224\" height=\"221\" class=\"gb-media-11c24c50\" alt=\"\" src=\"https:\/\/www.pilsa.com\/info\/wp-content\/uploads\/2025\/09\/Our-3-commitments-1.png\" title=\"Our 3 commitments -1\"\/>\n\n\n\n<div>\n<p class=\"gb-text gb-text-f1ff630d\"><strong>Minimizar nuestra huella ambiental y promover la protecci\u00f3n del medio ambiente<\/strong><\/p>\n<\/div>\n\n\n\n<p class=\"gb-text gb-text-3bab19f2\"><a href=\"#\">M\u00e1s informaci\u00f3n<\/a><\/p>\n<\/div>\n\n\n\n<div class=\"gb-element-2737a564\">\n<img decoding=\"async\" width=\"224\" height=\"221\" class=\"gb-media-b6f94e7f\" alt=\"\" src=\"https:\/\/www.pilsa.com\/info\/wp-content\/uploads\/2025\/09\/Our-3-commitments-2.png\" title=\"Our 3 commitments -2\"\/>\n\n\n\n<div>\n<p class=\"gb-text gb-text-9c8e5e75\"><strong>Comercializar soluciones ambientalmente responsables<\/strong><\/p>\n<\/div>\n\n\n\n<p class=\"gb-text gb-text-2d20a02d\"><a href=\"#\">M\u00e1s informaci\u00f3n<\/a><\/p>\n<\/div>\n\n\n\n<div class=\"gb-element-11806b52\">\n<img decoding=\"async\" width=\"224\" height=\"221\" class=\"gb-media-ed7509e9\" alt=\"\" src=\"https:\/\/www.pilsa.com\/info\/wp-content\/uploads\/2025\/09\/Our-3-commitments-3.png\" title=\"Our 3 commitments -3\"\/>\n\n\n\n<div>\n<p class=\"gb-text gb-text-53559d05\"><strong>Construir relaciones laborales respetuosas, inclusivas y justas.<\/strong><\/p>\n<\/div>\n\n\n\n<p class=\"gb-text gb-text-0064e9d8\"><a href=\"#\">M\u00e1s informaci\u00f3n<\/a><\/p>\n<\/div>\n<\/div>\n<\/div>\n<\/div>\n<\/div>\n\n\n\n<div class=\"gb-element-00dd549a\">\n<h2 class=\"gb-text gb-text-09704513\">Minimizar nuestra huella ambiental y promover la protecci\u00f3n del medio ambiente<\/h2>\n\n\n\n<div class=\"gb-element-32cfce77\">\n<div>\n<img decoding=\"async\" width=\"2999\" height=\"2000\" class=\"gb-media-54273c72\" alt=\"\" src=\"https:\/\/www.pilsa.com\/info\/wp-content\/uploads\/2025\/09\/rse-background-2.jpg\" title=\"rse-background-2\" srcset=\"https:\/\/www.pilsa.com\/info\/wp-content\/uploads\/2025\/09\/rse-background-2.jpg 2999w, https:\/\/www.pilsa.com\/info\/wp-content\/uploads\/2025\/09\/rse-background-2-300x200.jpg 300w, https:\/\/www.pilsa.com\/info\/wp-content\/uploads\/2025\/09\/rse-background-2-1024x683.jpg 1024w, https:\/\/www.pilsa.com\/info\/wp-content\/uploads\/2025\/09\/rse-background-2-768x512.jpg 768w, https:\/\/www.pilsa.com\/info\/wp-content\/uploads\/2025\/09\/rse-background-2-1536x1024.jpg 1536w, https:\/\/www.pilsa.com\/info\/wp-content\/uploads\/2025\/09\/rse-background-2-2048x1366.jpg 2048w\" sizes=\"(max-width: 2999px) 100vw, 2999px\" \/>\n<\/div>\n\n\n\n<div class=\"gb-element-20455ef9\">\n<h3 class=\"gb-text gb-text-b295e56c\">Mejor control de nuestro impacto sobre el medio ambiente.<\/h3>\n\n\n\n<p class=\"gb-text gb-text-64f04e99\">Para minimizar el impacto de nuestras actividades, buscamos continuamente implementar las mejores pr\u00e1cticas y priorizar soluciones que tengan una huella ambiental reducida o que nos permitan reducirla, ya sea en t\u00e9rminos de residuos, consumo de energ\u00eda o combustible. Adem\u00e1s, el Grupo se compromete a reducir su impacto en el cambio clim\u00e1tico dentro de su per\u00edmetro operativo y en toda su cadena de valor.<\/p>\n\n\n\n<h3 class=\"gb-text gb-text-564a0066\">Promover una mayor responsabilidad social y ambiental.<\/h3>\n\n\n\n<p class=\"gb-text\">Formar, implicar, valorizar: la empresa sensibiliza a sus colaboradores sobre los retos del mundo actual y les ofrece una experiencia tanto m\u00e1s potente cuanto m\u00e1s compartida, solidaria y orientada al futuro.<\/p>\n<\/div>\n<\/div>\n\n\n\n<div class=\"gb-element-9f4dd603 rsc-list\">\n<h3 class=\"gb-text gb-text-9122ab76\">Nuestro objetivo<\/h3>\n\n\n\n<div class=\"gb-element-7ded9e41\">\n<ul class=\"gb-element-127c4714\">\n<li class=\"gb-text-a186234a\"><span class=\"gb-shape\"><svg xmlns=\"http:\/\/www.w3.org\/2000\/svg\" width=\"40\" height=\"28\" viewBox=\"0 0 40 28\" fill=\"none\">\n  <path d=\"M0.585938 14.0002L13.9999 27.4142L39.4139 2.00018L37.9999 0.586182L13.9999 24.5862L1.99994 12.5862L0.585938 14.0002Z\" fill=\"#FE5000\"><\/path>\n<\/svg><\/span><span class=\"gb-text\">Minimizar el impacto de nuestras actividades sobre el medio ambiente<\/span><\/li>\n\n\n\n<li class=\"gb-text-c2d2fbf4\"><span class=\"gb-shape\"><svg xmlns=\"http:\/\/www.w3.org\/2000\/svg\" width=\"40\" height=\"28\" viewBox=\"0 0 40 28\" fill=\"none\">\n  <path d=\"M0.585938 14.0002L13.9999 27.4142L39.4139 2.00018L37.9999 0.586182L13.9999 24.5862L1.99994 12.5862L0.585938 14.0002Z\" fill=\"#FE5000\"><\/path>\n<\/svg><\/span><span class=\"gb-text\">Medir, monitorear y reducir nuestro impacto en el cambio clim\u00e1tico y determinar nuestra trayectoria hacia 2030 y 2050 para contribuir a los acuerdos de Par\u00eds<\/span><\/li>\n<\/ul>\n\n\n\n<ul class=\"gb-element-a0f8daad\">\n<li class=\"gb-text-a645b7f5\"><span class=\"gb-shape\"><svg xmlns=\"http:\/\/www.w3.org\/2000\/svg\" width=\"40\" height=\"28\" viewBox=\"0 0 40 28\" fill=\"none\">\n  <path d=\"M0.585938 14.0002L13.9999 27.4142L39.4139 2.00018L37.9999 0.586182L13.9999 24.5862L1.99994 12.5862L0.585938 14.0002Z\" fill=\"#FE5000\"><\/path>\n<\/svg><\/span><span class=\"gb-text\">Concientizar a nuestros empleados sobre temas ambientales y sociales<\/span><\/li>\n\n\n\n<li class=\"gb-text-2c279198\"><span class=\"gb-shape\"><svg xmlns=\"http:\/\/www.w3.org\/2000\/svg\" width=\"40\" height=\"28\" viewBox=\"0 0 40 28\" fill=\"none\">\n  <path d=\"M0.585938 14.0002L13.9999 27.4142L39.4139 2.00018L37.9999 0.586182L13.9999 24.5862L1.99994 12.5862L0.585938 14.0002Z\" fill=\"#FE5000\"><\/path>\n<\/svg><\/span><span class=\"gb-text\">Aumentar nuestras externalidades sociales y solidarias positivas<\/span><\/li>\n<\/ul>\n<\/div>\n<\/div>\n<\/div>\n\n\n\n<div class=\"gb-element-b64b24bb alignfull\">\n<div class=\"gb-element-d5d0099d\">\n<h2 class=\"gb-text gb-text-8ef21816\">Proponer ofertas eco-responsables para una asociaci\u00f3n sostenible con sus grupos de inter\u00e9s<\/h2>\n\n\n\n<p class=\"gb-text gb-text-33ef68f8\">Apoyar a nuestros clientes en su transici\u00f3n ambiental es un compromiso compartido por todas las filiales del grupo. Tambi\u00e9n nos comprometemos a desarrollar relaciones s\u00f3lidas, constructivas y duraderas con todos nuestros grupos de inter\u00e9s.<\/p>\n<\/div>\n\n\n\n<div class=\"gb-element-5cd5d7e3\">\n<div class=\"gb-element-1dca6937\">\n<h3 class=\"gb-text gb-text-aa53fdcb\">Una oferta de productos m\u00e1s respetuosa con el medio ambiente.<\/h3>\n\n\n\n<p class=\"gb-text gb-text-e384fc62\">El grupo se compromete a adecuar las necesidades de sus clientes a la b\u00fasqueda de alternativas m\u00e1s ecol\u00f3gicas, productos sostenibles o con un impacto reducido en el medio ambiente.<\/p>\n\n\n\n<p class=\"gb-text\">As\u00ed, el Grupo ECF se abastece y selecciona productos con los sellos m\u00e1s rigurosos, como FSC, PEFC, Ok Compost y European Ecolabel, o con menor impacto en el medio ambiente y respetuosos con la salud humana.<\/p>\n\n\n\n<h3 class=\"gb-text gb-text-25936dec\">Relaciones sostenibles con nuestros socios.<\/h3>\n\n\n\n<p class=\"gb-text gb-text-b18597bd\">Nos comprometemos a desarrollar relaciones s\u00f3lidas y duraderas con todos nuestros grupos de inter\u00e9s, ya sean nuestros proveedores, prestadores de servicios, clientes o las asociaciones que apoyamos. El Grupo ECF lleva 15 a\u00f1os involucrando a sus proveedores en su pol\u00edtica de Desarrollo Sostenible mediante una carta de proveedores cuyos pilares son el respeto a los derechos humanos, las condiciones laborales y el medio ambiente.<\/p>\n<\/div>\n\n\n\n<div class=\"gb-element-da621b89\">\n<img decoding=\"async\" width=\"2000\" height=\"1333\" class=\"gb-media-351ee98f\" alt=\"\" src=\"https:\/\/www.pilsa.com\/info\/wp-content\/uploads\/2025\/09\/rse-background.jpg\" title=\"rse-background\" srcset=\"https:\/\/www.pilsa.com\/info\/wp-content\/uploads\/2025\/09\/rse-background.jpg 2000w, https:\/\/www.pilsa.com\/info\/wp-content\/uploads\/2025\/09\/rse-background-300x200.jpg 300w, https:\/\/www.pilsa.com\/info\/wp-content\/uploads\/2025\/09\/rse-background-1024x682.jpg 1024w, https:\/\/www.pilsa.com\/info\/wp-content\/uploads\/2025\/09\/rse-background-768x512.jpg 768w, https:\/\/www.pilsa.com\/info\/wp-content\/uploads\/2025\/09\/rse-background-1536x1024.jpg 1536w\" sizes=\"(max-width: 2000px) 100vw, 2000px\" \/>\n<\/div>\n<\/div>\n\n\n\n<div class=\"gb-element-44febaf5 rsc-list\">\n<h3 class=\"gb-text gb-text-0dcb9755\">Nuestro objetivo<\/h3>\n\n\n\n<div class=\"gb-element-6b9f0bc6\">\n<ul class=\"gb-element-ac97472a\">\n<li class=\"gb-text-5d566bdb\"><span class=\"gb-shape\"><svg xmlns=\"http:\/\/www.w3.org\/2000\/svg\" width=\"40\" height=\"28\" viewBox=\"0 0 40 28\" fill=\"none\">\n  <path d=\"M0.585938 14.0002L13.9999 27.4142L39.4139 2.00018L37.9999 0.586182L13.9999 24.5862L1.99994 12.5862L0.585938 14.0002Z\" fill=\"#FE5000\"><\/path>\n<\/svg><\/span><span class=\"gb-text\">Ofrecer soluciones m\u00e1s ecol\u00f3gicas y responsables, eficientes y fiables, garantizando tanto el respeto al medio ambiente como la satisfacci\u00f3n de nuestros clientes.<\/span><\/li>\n\n\n\n<li class=\"gb-text-c047e898\"><span class=\"gb-shape\"><svg xmlns=\"http:\/\/www.w3.org\/2000\/svg\" width=\"40\" height=\"28\" viewBox=\"0 0 40 28\" fill=\"none\">\n  <path d=\"M0.585938 14.0002L13.9999 27.4142L39.4139 2.00018L37.9999 0.586182L13.9999 24.5862L1.99994 12.5862L0.585938 14.0002Z\" fill=\"#FE5000\"><\/path>\n<\/svg><\/span><span class=\"gb-text\">Llevar a cabo una pol\u00edtica de compras responsable con nuestros proveedores<\/span><\/li>\n<\/ul>\n\n\n\n<ul class=\"gb-element-fbc9e1e0\">\n<li class=\"gb-text-1c95fe24\"><span class=\"gb-shape\"><svg xmlns=\"http:\/\/www.w3.org\/2000\/svg\" width=\"40\" height=\"28\" viewBox=\"0 0 40 28\" fill=\"none\">\n  <path d=\"M0.585938 14.0002L13.9999 27.4142L39.4139 2.00018L37.9999 0.586182L13.9999 24.5862L1.99994 12.5862L0.585938 14.0002Z\" fill=\"#FE5000\"><\/path>\n<\/svg><\/span><span class=\"gb-text\">Construir relaciones equilibradas con nuestros grupos de inter\u00e9s basadas en valores compartidos para promover un modelo de crecimiento sostenible<\/span><\/li>\n<\/ul>\n<\/div>\n<\/div>\n<\/div>\n\n\n\n<div class=\"gb-element-5e8bd833\">\n<h2 class=\"gb-text gb-text-1bd0842b\">Desarrollar relaciones sociales inclusivas, equitativas y respetuosas<\/h2>\n\n\n\n<p class=\"gb-text gb-text-2030c010\">Relaciones sociales justas y respetuosas.<\/p>\n\n\n\n<div class=\"gb-element-58c1f095\">\n<div>\n<img decoding=\"async\" width=\"2999\" height=\"2000\" class=\"gb-media-692748a4\" alt=\"\" src=\"https:\/\/www.pilsa.com\/info\/wp-content\/uploads\/2025\/09\/rse-background-2.jpg\" title=\"rse-background-2\" srcset=\"https:\/\/www.pilsa.com\/info\/wp-content\/uploads\/2025\/09\/rse-background-2.jpg 2999w, https:\/\/www.pilsa.com\/info\/wp-content\/uploads\/2025\/09\/rse-background-2-300x200.jpg 300w, https:\/\/www.pilsa.com\/info\/wp-content\/uploads\/2025\/09\/rse-background-2-1024x683.jpg 1024w, https:\/\/www.pilsa.com\/info\/wp-content\/uploads\/2025\/09\/rse-background-2-768x512.jpg 768w, https:\/\/www.pilsa.com\/info\/wp-content\/uploads\/2025\/09\/rse-background-2-1536x1024.jpg 1536w, https:\/\/www.pilsa.com\/info\/wp-content\/uploads\/2025\/09\/rse-background-2-2048x1366.jpg 2048w\" sizes=\"(max-width: 2999px) 100vw, 2999px\" \/>\n<\/div>\n\n\n\n<div class=\"gb-element-75e581ce\">\n<p class=\"gb-text gb-text-3b4100de\">El Grupo ECF se preocupa por el desarrollo profesional y personal de sus empleados implementando pr\u00e1cticas sociales para garantizar el bienestar en el trabajo, el desarrollo de habilidades, la salud y la seguridad en el trabajo.<\/p>\n\n\n\n<p class=\"gb-text\">Nos comprometemos con la lucha contra la discriminaci\u00f3n y con la diversidad, y garantizamos la igualdad de oportunidades desde el momento de la contrataci\u00f3n. Respetar, transmitir y apoyar son los pilares de laresponsabilidad social del Grupo ECF.<\/p>\n<\/div>\n<\/div>\n\n\n\n<div class=\"gb-element-0e4b445e rsc-list\">\n<h3 class=\"gb-text gb-text-6b3c57fc\">Nuestro objetivo<\/h3>\n\n\n\n<div class=\"gb-element-6f596700\">\n<ul class=\"gb-element-819de3c3\">\n<li class=\"gb-text-bc58d8d2\"><span class=\"gb-shape\"><svg xmlns=\"http:\/\/www.w3.org\/2000\/svg\" width=\"40\" height=\"28\" viewBox=\"0 0 40 28\" fill=\"none\">\n  <path d=\"M0.585938 14.0002L13.9999 27.4142L39.4139 2.00018L37.9999 0.586182L13.9999 24.5862L1.99994 12.5862L0.585938 14.0002Z\" fill=\"#FE5000\"><\/path>\n<\/svg><\/span><span class=\"gb-text\">Uniendo calidad de vida en el trabajo, diversidad y desempe\u00f1o<\/span><\/li>\n\n\n\n<li class=\"gb-text-7ac53dd3\"><span class=\"gb-shape\"><svg xmlns=\"http:\/\/www.w3.org\/2000\/svg\" width=\"40\" height=\"28\" viewBox=\"0 0 40 28\" fill=\"none\">\n  <path d=\"M0.585938 14.0002L13.9999 27.4142L39.4139 2.00018L37.9999 0.586182L13.9999 24.5862L1.99994 12.5862L0.585938 14.0002Z\" fill=\"#FE5000\"><\/path>\n<\/svg><\/span><span class=\"gb-text\">Garantizar la salud y seguridad de nuestros empleados y clientes en nuestras tiendas.<\/span><\/li>\n<\/ul>\n\n\n\n<ul class=\"gb-element-e2117e0e\">\n<li class=\"gb-text-786823bb\"><span class=\"gb-shape\"><svg xmlns=\"http:\/\/www.w3.org\/2000\/svg\" width=\"40\" height=\"28\" viewBox=\"0 0 40 28\" fill=\"none\">\n  <path d=\"M0.585938 14.0002L13.9999 27.4142L39.4139 2.00018L37.9999 0.586182L13.9999 24.5862L1.99994 12.5862L0.585938 14.0002Z\" fill=\"#FE5000\"><\/path>\n<\/svg><\/span><span class=\"gb-text\">Desarrollar nuestra marca empleadora y el capital humano del Grupo a trav\u00e9s de la formaci\u00f3n y la sensibilizaci\u00f3n<\/span><\/li>\n<\/ul>\n<\/div>\n<\/div>\n<\/div>\n\n\n\n<div class=\"gb-element-ab8cfaf8\">\n<div class=\"gb-element-8424007e\">\n<h2 class=\"gb-text gb-text-6bffb7ae\">Pacto Mundial<\/h2>\n\n\n\n<p class=\"gb-text gb-text-a378ac9e\">Pacto Mundial. El Grupo E.CF apoya activamente el Pacto Mundial de las Naciones Unidas desde 2004. Este Pacto Mundial re\u00fane a empresas comprometidas con la responsabilidad social y la integraci\u00f3n de 10 principios fundamentales en sus operaciones. Nuestra participaci\u00f3n se renueva cada a\u00f1o y se materializa a trav\u00e9s de una COP (Comunicaci\u00f3n para el Progreso), que detalla las acciones realizadas y da cuerpo a nuestros valores.<\/p>\n\n\n\n<h3 class=\"gb-text gb-text-4ccb0500\">Los 10 principios fundamentales de la Carta del Pacto Mundial de las Naciones Unidas<\/h3>\n<\/div>\n\n\n\n<div class=\"gb-element-67b35f36\">\n<div class=\"gb-element-97e6323c\">\n<h3 class=\"gb-text gb-text-57233f36\">Derechos humanos<\/h3>\n\n\n\n<p class=\"gb-text gb-text-43a7250e\">Promover y respetar la protecci\u00f3n del derecho internacional de los derechos humanos<\/p>\n\n\n\n<p class=\"gb-text\">Asegurarse de que no sean c\u00f3mplices de violaciones de derechos humanos<\/p>\n<\/div>\n\n\n\n<div class=\"gb-element-e906722b\">\n<h3 class=\"gb-text gb-text-806bade8\">Normas internacionales del trabajo<\/h3>\n\n\n\n<p class=\"gb-text gb-text-524caab3\">Respetar la libertad de asociaci\u00f3n y reconocer el derecho a la negociaci\u00f3n colectiva<\/p>\n\n\n\n<p class=\"gb-text\">Continuar eliminando la discriminaci\u00f3n en el empleo<\/p>\n\n\n\n<p class=\"gb-text\">Contribuir a la erradicaci\u00f3n efectiva del trabajo infantil<\/p>\n\n\n\n<p class=\"gb-text\">Contribuir a la eliminaci\u00f3n de todas las formas de trabajo forzoso u obligatorio<\/p>\n<\/div>\n\n\n\n<div class=\"gb-element-1aff35aa\">\n<h3 class=\"gb-text gb-text-db3eeb8f\">Ambiente<\/h3>\n\n\n\n<p class=\"gb-text gb-text-92d16556\">Aplicar el enfoque precautorio a los problemas ambientales<\/p>\n\n\n\n<p class=\"gb-text\">Tomar iniciativas para promover una mayor responsabilidad ambiental<\/p>\n\n\n\n<p class=\"gb-text\">Fomentar el desarrollo y la difusi\u00f3n de tecnolog\u00edas respetuosas con el medio ambiente<\/p>\n<\/div>\n\n\n\n<div class=\"gb-element-bd4ef00c\">\n<h3 class=\"gb-text gb-text-d6ae0c64\">Lucha contra la corrupci\u00f3n<\/h3>\n\n\n\n<p class=\"gb-text gb-text-30b16c54\">Actuar contra la corrupci\u00f3n en todas sus formas, incluidas la extorsi\u00f3n y el soborno<\/p>\n<\/div>\n<\/div>\n<\/div>\n","protected":false},"excerpt":{"rendered":"<p>Nuestros compromisos de RSE En el Grupo ECF, un s\u00f3lido sentido compartido de responsabilidad ambiental y social forma parte de nuestro trabajo diario. Esto se refleja en tres compromisos que hemos mantenido estrictamente durante 15 a\u00f1os. Ver informe ECF 2024\/2025 Nuestro enfoque de RSE Nuestros esfuerzos en materia de Desarrollo Sostenible se formalizaron en 2004 &#8230; <a title=\"Pol\u00edtica RSE\" class=\"read-more\" href=\"https:\/\/www.pilsa.com\/info\/es\/politica-rse\/\" aria-label=\"Read more about Pol\u00edtica RSE\">Read more<\/a><\/p>\n","protected":false},"author":1,"featured_media":0,"parent":0,"menu_order":0,"comment_status":"closed","ping_status":"closed","template":"","meta":{"_acf_changed":false,"iawp_total_views":30,"footnotes":""},"class_list":["post-2246","page","type-page","status-publish"],"acf":[],"_links":{"self":[{"href":"https:\/\/www.pilsa.com\/info\/es\/wp-json\/wp\/v2\/pages\/2246","targetHints":{"allow":["GET"]}}],"collection":[{"href":"https:\/\/www.pilsa.com\/info\/es\/wp-json\/wp\/v2\/pages"}],"about":[{"href":"https:\/\/www.pilsa.com\/info\/es\/wp-json\/wp\/v2\/types\/page"}],"author":[{"embeddable":true,"href":"https:\/\/www.pilsa.com\/info\/es\/wp-json\/wp\/v2\/users\/1"}],"replies":[{"embeddable":true,"href":"https:\/\/www.pilsa.com\/info\/es\/wp-json\/wp\/v2\/comments?post=2246"}],"version-history":[{"count":275,"href":"https:\/\/www.pilsa.com\/info\/es\/wp-json\/wp\/v2\/pages\/2246\/revisions"}],"predecessor-version":[{"id":3315,"href":"https:\/\/www.pilsa.com\/info\/es\/wp-json\/wp\/v2\/pages\/2246\/revisions\/3315"}],"wp:attachment":[{"href":"https:\/\/www.pilsa.com\/info\/es\/wp-json\/wp\/v2\/media?parent=2246"}],"curies":[{"name":"wp","href":"https:\/\/api.w.org\/{rel}","templated":true}]}}