{"id":3231,"date":"2025-10-02T10:26:18","date_gmt":"2025-10-02T08:26:18","guid":{"rendered":"https:\/\/www.pilsa.com\/info\/?page_id=3231"},"modified":"2025-11-11T11:14:55","modified_gmt":"2025-11-11T10:14:55","slug":"presencia","status":"publish","type":"page","link":"https:\/\/www.pilsa.com\/info\/es\/presencia\/","title":{"rendered":"Presencia"},"content":{"rendered":"\n<div class=\"gb-element-8fe9010f alignfull\">\n<div class=\"gb-element-0dbbae18\">\n<h2 class=\"gb-text gb-text-7f368b46\">A tu lado, donde quiera que est\u00e9s<\/h2>\n\n\n\n<p class=\"gb-text gb-text-4234ad53\">En Pilsa trabajamos con una visi\u00f3n global: estar m\u00e1s cerca de nuestros clientes, est\u00e9n donde est\u00e9n. Por eso, contamos con una red de sedes y filiales ubicadas en diferentes puntos estrat\u00e9gicos, para garantizar a nuestros clientes cercan\u00eda, operatividad y respuesta directa donde m\u00e1s la necesiten.<\/p>\n\n\n\n<a class=\"gb-text gb-text-6d4b5c1a custom-button\" href=\"#mas-info\">M\u00e1s informaci\u00f3n<\/a>\n<\/div>\n\n\n\n<div class=\"gb-element-32423044\">\n<div>\n<h3 class=\"gb-text gb-text-59193c0c\">Espa\u00f1a<\/h3>\n\n\n\n<ul class=\"gb-element-a4311c41\">\n<li class=\"gb-text-ebe670c2\"><span class=\"gb-shape\"><svg aria-hidden=\"true\" role=\"img\" height=\"1em\" width=\"1em\" viewBox=\"0 0 512 512\" xmlns=\"http:\/\/www.w3.org\/2000\/svg\"><path fill=\"currentColor\" d=\"M256 8C119 8 8 119 8 256s111 248 248 248 248-111 248-248S393 8 256 8z\"><\/path><\/svg><\/span><span class=\"gb-text\">Granada<\/span><\/li>\n\n\n\n<ul class=\"gb-element-7045fb65\">\n<li class=\"gb-text\"><a href=\"https:\/\/maps.app.goo.gl\/dsvXddDFXn4xpPxq8\" target=\"_blank\" rel=\"noopener\">F\u00e1brica<\/a><\/li>\n\n\n\n<li class=\"gb-text\"><a href=\"https:\/\/maps.app.goo.gl\/uxwqtjiZ3ZW2nVkDA\" target=\"_blank\" rel=\"noopener\">Sede Central \/ Showroom<\/a><\/li>\n\n\n\n<li class=\"gb-text\"><a href=\"https:\/\/maps.app.goo.gl\/dhpR2R55hg6uT9Wk7\" target=\"_blank\" rel=\"noopener\">Cash &amp; Carry<\/a><\/li>\n<\/ul>\n\n\n\n<li class=\"gb-text-254da81c\"><span class=\"gb-shape\"><svg aria-hidden=\"true\" role=\"img\" height=\"1em\" width=\"1em\" viewBox=\"0 0 512 512\" xmlns=\"http:\/\/www.w3.org\/2000\/svg\"><path fill=\"currentColor\" d=\"M256 8C119 8 8 119 8 256s111 248 248 248 248-111 248-248S393 8 256 8z\"><\/path><\/svg><\/span><span class=\"gb-text\"><a href=\"https:\/\/maps.app.goo.gl\/TYv2Jv8iDWDXouzz6\" target=\"_blank\" rel=\"noopener\">Mallorca &#8211; Sede Islas Baleares<\/a><\/span><\/li>\n\n\n\n<li class=\"gb-text-9a06177b\"><span class=\"gb-shape\"><svg aria-hidden=\"true\" role=\"img\" height=\"1em\" width=\"1em\" viewBox=\"0 0 512 512\" xmlns=\"http:\/\/www.w3.org\/2000\/svg\"><path fill=\"currentColor\" d=\"M256 8C119 8 8 119 8 256s111 248 248 248 248-111 248-248S393 8 256 8z\"><\/path><\/svg><\/span><span class=\"gb-text\"><a href=\"https:\/\/maps.app.goo.gl\/fgTgWrmYXu39Z5tS8\" target=\"_blank\" rel=\"noopener\">Gran Canaria &#8211; Sede Islas Canarias<\/a><\/span><\/li>\n\n\n\n<li class=\"gb-text-ac44df68\"><span class=\"gb-shape\"><svg aria-hidden=\"true\" role=\"img\" height=\"1em\" width=\"1em\" viewBox=\"0 0 512 512\" xmlns=\"http:\/\/www.w3.org\/2000\/svg\"><path fill=\"currentColor\" d=\"M256 8C119 8 8 119 8 256s111 248 248 248 248-111 248-248S393 8 256 8z\"><\/path><\/svg><\/span><span class=\"gb-text\"><a href=\"https:\/\/maps.app.goo.gl\/45EYkBD4knEivwD39\" target=\"_blank\" rel=\"noopener\">Barcelona &#8211; Sede Catalu\u00f1a<\/a><\/span><\/li>\n\n\n\n<li class=\"gb-text-46fe07d4\"><span class=\"gb-shape\"><svg aria-hidden=\"true\" role=\"img\" height=\"1em\" width=\"1em\" viewBox=\"0 0 512 512\" xmlns=\"http:\/\/www.w3.org\/2000\/svg\"><path fill=\"currentColor\" d=\"M256 8C119 8 8 119 8 256s111 248 248 248 248-111 248-248S393 8 256 8z\"><\/path><\/svg><\/span><span class=\"gb-text\">Madrid &#8211; Delegado comercial<\/span><\/li>\n\n\n\n<li class=\"gb-text-fee4daaf\"><span class=\"gb-shape\"><svg aria-hidden=\"true\" role=\"img\" height=\"1em\" width=\"1em\" viewBox=\"0 0 512 512\" xmlns=\"http:\/\/www.w3.org\/2000\/svg\"><path fill=\"currentColor\" d=\"M256 8C119 8 8 119 8 256s111 248 248 248 248-111 248-248S393 8 256 8z\"><\/path><\/svg><\/span><span class=\"gb-text\">Sevilla &#8211; Oficina comercial<\/span><\/li>\n\n\n\n<li class=\"gb-text-55515201\"><span class=\"gb-shape\"><svg aria-hidden=\"true\" role=\"img\" height=\"1em\" width=\"1em\" viewBox=\"0 0 512 512\" xmlns=\"http:\/\/www.w3.org\/2000\/svg\"><path fill=\"currentColor\" d=\"M256 8C119 8 8 119 8 256s111 248 248 248 248-111 248-248S393 8 256 8z\"><\/path><\/svg><\/span><span class=\"gb-text\">Marbella &#8211; Oficina comercial <\/span><\/li>\n\n\n\n<li class=\"gb-text-2aa48db5\"><span class=\"gb-shape\"><svg aria-hidden=\"true\" role=\"img\" height=\"1em\" width=\"1em\" viewBox=\"0 0 512 512\" xmlns=\"http:\/\/www.w3.org\/2000\/svg\"><path fill=\"currentColor\" d=\"M256 8C119 8 8 119 8 256s111 248 248 248 248-111 248-248S393 8 256 8z\"><\/path><\/svg><\/span><span class=\"gb-text\">Cartagena &#8211; Delegado comercial<\/span><\/li>\n<\/ul>\n<\/div>\n\n\n\n<div>\n<h3 class=\"gb-text gb-text-2f12e106\">Internacional<\/h3>\n\n\n\n<ul class=\"gb-element-4c0ce53f\">\n<li class=\"gb-text-a9a6a9a3\"><span class=\"gb-shape\"><svg aria-hidden=\"true\" role=\"img\" height=\"1em\" width=\"1em\" viewBox=\"0 0 512 512\" xmlns=\"http:\/\/www.w3.org\/2000\/svg\"><path fill=\"currentColor\" d=\"M256 8C119 8 8 119 8 256s111 248 248 248 248-111 248-248S393 8 256 8z\"><\/path><\/svg><\/span><span class=\"gb-text\"><a href=\"https:\/\/maps.app.goo.gl\/4AfKPMuuK5A47hDc7\" target=\"_blank\" rel=\"noopener\">M\u00e9xico &#8211; Filial<\/a><\/span><\/li>\n\n\n\n<li class=\"gb-text-a812b538\"><span class=\"gb-shape\"><svg aria-hidden=\"true\" role=\"img\" height=\"1em\" width=\"1em\" viewBox=\"0 0 512 512\" xmlns=\"http:\/\/www.w3.org\/2000\/svg\"><path fill=\"currentColor\" d=\"M256 8C119 8 8 119 8 256s111 248 248 248 248-111 248-248S393 8 256 8z\"><\/path><\/svg><\/span><span class=\"gb-text\"><a href=\"https:\/\/maps.app.goo.gl\/3HDUAToAYnvLy7us5\" target=\"_blank\" rel=\"noopener\">Rep\u00fablica Dominicana &#8211; Filial<\/a><\/span><\/li>\n\n\n\n<li class=\"gb-text-4115ea36\"><span class=\"gb-shape\"><svg aria-hidden=\"true\" role=\"img\" height=\"1em\" width=\"1em\" viewBox=\"0 0 512 512\" xmlns=\"http:\/\/www.w3.org\/2000\/svg\"><path fill=\"currentColor\" d=\"M256 8C119 8 8 119 8 256s111 248 248 248 248-111 248-248S393 8 256 8z\"><\/path><\/svg><\/span><span class=\"gb-text\">Maldivas &#8211; Operaci\u00f3n asociada<\/span><\/li>\n\n\n\n<li class=\"gb-text-c3d685ea\"><span class=\"gb-shape\"><svg aria-hidden=\"true\" role=\"img\" height=\"1em\" width=\"1em\" viewBox=\"0 0 512 512\" xmlns=\"http:\/\/www.w3.org\/2000\/svg\"><path fill=\"currentColor\" d=\"M256 8C119 8 8 119 8 256s111 248 248 248 248-111 248-248S393 8 256 8z\"><\/path><\/svg><\/span><span class=\"gb-text\">Marruecos &#8211; Operaci\u00f3n asociada<\/span><\/li>\n\n\n\n<li class=\"gb-text-8ebdf82f\"><span class=\"gb-shape\"><svg aria-hidden=\"true\" role=\"img\" height=\"1em\" width=\"1em\" viewBox=\"0 0 512 512\" xmlns=\"http:\/\/www.w3.org\/2000\/svg\"><path fill=\"currentColor\" d=\"M256 8C119 8 8 119 8 256s111 248 248 248 248-111 248-248S393 8 256 8z\"><\/path><\/svg><\/span><span class=\"gb-text\">Emiratos \u00c1rabes Unidos &#8211; Operaci\u00f3n asociada<\/span><\/li>\n<\/ul>\n<\/div>\n<\/div>\n\n\n\n<div class=\"gb-element-7f7a2125\">\n<img decoding=\"async\" width=\"2122\" height=\"1200\" class=\"gb-media-e5b4675b\" alt=\"\" src=\"https:\/\/www.pilsa.com\/info\/wp-content\/uploads\/2025\/07\/mapa-sedes-1.png\" title=\"mapa-sedes\" srcset=\"https:\/\/www.pilsa.com\/info\/wp-content\/uploads\/2025\/07\/mapa-sedes-1.png 2122w, https:\/\/www.pilsa.com\/info\/wp-content\/uploads\/2025\/07\/mapa-sedes-1-300x170.png 300w, https:\/\/www.pilsa.com\/info\/wp-content\/uploads\/2025\/07\/mapa-sedes-1-1024x579.png 1024w, https:\/\/www.pilsa.com\/info\/wp-content\/uploads\/2025\/07\/mapa-sedes-1-768x434.png 768w, https:\/\/www.pilsa.com\/info\/wp-content\/uploads\/2025\/07\/mapa-sedes-1-1536x869.png 1536w, https:\/\/www.pilsa.com\/info\/wp-content\/uploads\/2025\/07\/mapa-sedes-1-2048x1158.png 2048w\" sizes=\"(max-width: 2122px) 100vw, 2122px\" \/>\n<\/div>\n<\/div>\n\n\n\n<div class=\"gb-element-21c730a8 alignfull\" id=\"mas-info\">\n<div class=\"gb-element-b13c920e\">\n<div class=\"gb-element-6eccf8df\">\n<div class=\"gb-element-58af592a\">\n<p class=\"gb-text gb-text-96831752\"><strong>\u00bfNecesitas asesoramiento personalizado?<\/strong><\/p>\n\n\n\n<p class=\"gb-text gb-text-dbd8b272\">Cu\u00e9ntanos qu\u00e9 necesitas y nuestros expertos se pondr\u00e1n en contacto contigo para ofrecerte la soluci\u00f3n que mejor se adapte a tu proyecto y a tus necesidades.<\/p>\n<\/div>\n<\/div>\n\n\n\n<div class=\"gb-element-62b5b67a\">\n<div class=\"gb-element-7d81e7dd\">\n<p class=\"gb-text gb-text-687e2aae\">\u00bfQuieres saber c\u00f3mo transformamos cada espacio en una soluci\u00f3n \u00fanica?<\/p>\n\n\n\n<p class=\"gb-text gb-text-24caebe5\">Cu\u00e9ntanos qu\u00e9 necesitas y descubre c\u00f3mo trabajamos para dar forma a cocinas profesionales que combinan precisi\u00f3n t\u00e9cnica, dise\u00f1o a medida y excelencia operativa. Estaremos encantados de analizar tu proyecto y proponerte una soluci\u00f3n pensada al mil\u00edmetro para ti.<\/p>\n\n\n\n<div><style id=\"wpforms-css-vars-1660\">\n\t\t\t\t#wpforms-1660 {\n\t\t\t\t\n\t\t\t}\n\t\t\t<\/style><div class=\"wpforms-container wpforms-container-full contact-form-info wpforms-render-modern\" id=\"wpforms-1660\"><form id=\"wpforms-form-1660\" class=\"wpforms-validate wpforms-form wpforms-ajax-form\" data-formid=\"1660\" method=\"post\" enctype=\"multipart\/form-data\" action=\"\/info\/es\/wp-json\/wp\/v2\/pages\/3231\" data-token=\"1f90baf0dea2b5868b5ef74369ab8dcd\" data-token-time=\"1778081285\"><noscript class=\"wpforms-error-noscript\">Please enable JavaScript in your browser to complete this form.<\/noscript><div id=\"wpforms-error-noscript\" style=\"display: none;\">Please enable JavaScript in your browser to complete this form.<\/div><div class=\"wpforms-field-container\">\t\t<div id=\"wpforms-1660-field_3-container\"\n\t\t\tclass=\"wpforms-field wpforms-field-text\"\n\t\t\tdata-field-type=\"text\"\n\t\t\tdata-field-id=\"3\"\n\t\t\t>\n\t\t\t<label class=\"wpforms-field-label\" for=\"wpforms-1660-field_3\" >te 2 servicio<\/label>\n\t\t\t<input type=\"text\" id=\"wpforms-1660-field_3\" class=\"wpforms-field-medium\" name=\"wpforms[fields][3]\" >\n\t\t<\/div>\n\t\t<div id=\"wpforms-1660-field_1-container\" class=\"wpforms-field wpforms-field-name\" data-field-id=\"1\"><label class=\"wpforms-field-label wpforms-label-hide\" for=\"wpforms-1660-field_1\" aria-hidden=\"false\">Nombre <span class=\"wpforms-required-label\" aria-hidden=\"true\">*<\/span><\/label><input type=\"text\" id=\"wpforms-1660-field_1\" class=\"wpforms-field-large wpforms-field-required\" name=\"wpforms[fields][1]\" placeholder=\"Nombre\" aria-errormessage=\"wpforms-1660-field_1-error\" required><\/div><div id=\"wpforms-1660-field_5-container\" class=\"wpforms-field wpforms-field-name\" data-field-id=\"5\"><label class=\"wpforms-field-label wpforms-label-hide\" for=\"wpforms-1660-field_5\" aria-hidden=\"false\">Apellidos <span class=\"wpforms-required-label\" aria-hidden=\"true\">*<\/span><\/label><input type=\"text\" id=\"wpforms-1660-field_5\" class=\"wpforms-field-large wpforms-field-required\" name=\"wpforms[fields][5]\" placeholder=\"Apellidos\" aria-errormessage=\"wpforms-1660-field_5-error\" required><\/div><div id=\"wpforms-1660-field_6-container\" class=\"wpforms-field wpforms-field-name\" data-field-id=\"6\"><label class=\"wpforms-field-label wpforms-label-hide\" for=\"wpforms-1660-field_6\" aria-hidden=\"false\">Tel\u00e9fono <span class=\"wpforms-required-label\" aria-hidden=\"true\">*<\/span><\/label><input type=\"text\" id=\"wpforms-1660-field_6\" class=\"wpforms-field-large wpforms-field-required\" name=\"wpforms[fields][6]\" placeholder=\"Tel\u00e9fono\" aria-errormessage=\"wpforms-1660-field_6-error\" required><\/div><div id=\"wpforms-1660-field_2-container\" class=\"wpforms-field wpforms-field-email\" data-field-id=\"2\"><label class=\"wpforms-field-label wpforms-label-hide\" for=\"wpforms-1660-field_2\" aria-hidden=\"false\">Email <span class=\"wpforms-required-label\" aria-hidden=\"true\">*<\/span><\/label><input type=\"email\" id=\"wpforms-1660-field_2\" class=\"wpforms-field-large wpforms-field-required\" name=\"wpforms[fields][2]\" placeholder=\"Email\" spellcheck=\"false\" aria-errormessage=\"wpforms-1660-field_2-error\" required><\/div><div id=\"wpforms-1660-field_7-container\" class=\"wpforms-field wpforms-field-name\" data-field-id=\"7\"><label class=\"wpforms-field-label wpforms-label-hide\" for=\"wpforms-1660-field_7\" aria-hidden=\"false\">Provincia <span class=\"wpforms-required-label\" aria-hidden=\"true\">*<\/span><\/label><input type=\"text\" id=\"wpforms-1660-field_7\" class=\"wpforms-field-large wpforms-field-required\" name=\"wpforms[fields][7]\" placeholder=\"Provincia\" aria-errormessage=\"wpforms-1660-field_7-error\" required><\/div><div id=\"wpforms-1660-field_8-container\" class=\"wpforms-field wpforms-field-select wpforms-field-select-style-modern\" data-field-id=\"8\"><label class=\"wpforms-field-label wpforms-label-hide\" for=\"wpforms-1660-field_8\" aria-hidden=\"false\">\u00bfQu\u00e9 servicio te interesa? <span class=\"wpforms-required-label\" aria-hidden=\"true\">*<\/span><\/label><select id=\"wpforms-1660-field_8\" class=\"wpforms-field-large wpforms-field-required choicesjs-select\" data-size-class=\"wpforms-field-row wpforms-field-large\" data-search-enabled=\"\" name=\"wpforms[fields][8][]\" required=\"required\" multiple=\"multiple\"><option value=\"\" class=\"placeholder\" disabled >\u00bfQu\u00e9 servicio te interesa?<\/option><option value=\"Menaje profesional\"  class=\"choice-1 depth-1\"  >Menaje profesional<\/option><option value=\"Equipamiento y maquinaria\"  class=\"choice-2 depth-1\"  >Equipamiento y maquinaria<\/option><option value=\"Servicio t\u00e9cnico\"  class=\"choice-3 depth-1\"  >Servicio t\u00e9cnico<\/option><option value=\"Chef consulting\"  class=\"choice-4 depth-1\"  >Chef consulting<\/option><option value=\"Otros\"  class=\"choice-5 depth-1\"  >Otros<\/option><\/select><\/div><div id=\"wpforms-1660-field_9-container\" class=\"wpforms-field wpforms-field-checkbox\" data-field-id=\"9\"><fieldset><legend class=\"wpforms-field-label wpforms-label-hide\" aria-hidden=\"false\">Aceptaciones <span class=\"wpforms-required-label\" aria-hidden=\"true\">*<\/span><\/legend><ul id=\"wpforms-1660-field_9\" class=\"wpforms-field-required\"><li class=\"choice-1 depth-1\"><input type=\"checkbox\" id=\"wpforms-1660-field_9_1\" name=\"wpforms[fields][9][]\" value=\"Acepto pol\u00edtica de privacidad\" aria-errormessage=\"wpforms-1660-field_9_1-error\" required ><label class=\"wpforms-field-label-inline\" for=\"wpforms-1660-field_9_1\">Acepto pol\u00edtica de privacidad<\/label><\/li><\/ul><\/fieldset><\/div><div id=\"wpforms-1660-field_11-container\" class=\"wpforms-field wpforms-field-checkbox\" data-field-id=\"11\"><fieldset><legend class=\"wpforms-field-label wpforms-label-hide\" aria-hidden=\"false\">Aceptaciones 2<\/legend><ul id=\"wpforms-1660-field_11\"><li class=\"choice-2 depth-1\"><input type=\"checkbox\" id=\"wpforms-1660-field_11_2\" name=\"wpforms[fields][11][]\" value=\"Acepto recibir ofertas comerciales y novedades de Pilsa por email\" aria-errormessage=\"wpforms-1660-field_11_2-error\"  ><label class=\"wpforms-field-label-inline\" for=\"wpforms-1660-field_11_2\">Acepto recibir ofertas comerciales y novedades de Pilsa por email<\/label><\/li><\/ul><\/fieldset><\/div><script>\n\t\t\t\t( function() {\n\t\t\t\t\tconst style = document.createElement( 'style' );\n\t\t\t\t\tstyle.appendChild( document.createTextNode( '#wpforms-1660-field_3-container { position: absolute !important; overflow: hidden !important; display: inline !important; height: 1px !important; width: 1px !important; z-index: -1000 !important; padding: 0 !important; } #wpforms-1660-field_3-container input { visibility: hidden; } #wpforms-conversational-form-page #wpforms-1660-field_3-container label { counter-increment: none; }' ) );\n\t\t\t\t\tdocument.head.appendChild( style );\n\t\t\t\t\tdocument.currentScript?.remove();\n\t\t\t\t} )();\n\t\t\t<\/script><\/div><!-- .wpforms-field-container --><div class=\"wpforms-submit-container\" ><input type=\"hidden\" name=\"wpforms[id]\" value=\"1660\"><input type=\"hidden\" name=\"page_title\" value=\"\"><input type=\"hidden\" name=\"page_url\" value=\"https:\/\/www.pilsa.com\/info\/es\/wp-json\/wp\/v2\/pages\/3231\"><input type=\"hidden\" name=\"url_referer\" value=\"\">\t\t<div id=\"cf-turnstile-wpf-2207558268\"\r\n\t\tclass=\"cf-turnstile\" \t\tdata-sitekey=\"0x4AAAAAABCdhy83ElVpFlVC\"\r\n\t\tdata-theme=\"light\"\r\n\t\tdata-language=\"auto\"\r\n\t\tdata-size=\"normal\"\r\n\t\tdata-retry=\"auto\" data-retry-interval=\"1000\"\r\n\t\tdata-refresh-expired=\"auto\"\r\n\t\tdata-refresh-timeout=\"auto\"\r\n\t\tdata-action=\"wpforms-1660\"\r\n\t\tdata-callback=\"turnstileWPFCallback\"\r\n\t\t\t\tdata-appearance=\"always\"><\/div>\r\n\t\t\t<script>document.addEventListener(\"DOMContentLoaded\", function() { setTimeout(function(){ var e=document.getElementById(\"cf-turnstile-wpf-2207558268\"); if(e&&!e.innerHTML.trim()){turnstile.render(e, {sitekey:\"0x4AAAAAABCdhy83ElVpFlVC\"});} }, 200); });<\/script>\r\n\t\t\t<br class=\"cf-turnstile-br cf-turnstile-br-wpf-2207558268\">\r\n\t\t\t\t<style>#cf-turnstile-wpf-2207558268 { margin-left: -15px; }<\/style>\r\n\t\t<button type=\"submit\" name=\"wpforms[submit]\" id=\"wpforms-submit-1660\" class=\"wpforms-submit submit-form-info custom-button\" data-alt-text=\"Enviando...\" data-submit-text=\"Solicitar informaci\u00f3n\" aria-live=\"assertive\" value=\"wpforms-submit\">Solicitar informaci\u00f3n<\/button><img decoding=\"async\" src=\"https:\/\/www.pilsa.com\/info\/wp-content\/plugins\/wpforms-lite\/assets\/images\/submit-spin.svg\" class=\"wpforms-submit-spinner\" style=\"display: none;\" width=\"26\" height=\"26\" alt=\"Loading\"><\/div><\/form><\/div>  <!-- .wpforms-container -->\n<\/div>\n<\/div>\n<\/div>\n<\/div>\n<\/div>\n","protected":false},"excerpt":{"rendered":"<p>A tu lado, donde quiera que est\u00e9s En Pilsa trabajamos con una visi\u00f3n global: estar m\u00e1s cerca de nuestros clientes, est\u00e9n donde est\u00e9n. Por eso, contamos con una red de sedes y filiales ubicadas en diferentes puntos estrat\u00e9gicos, para garantizar a nuestros clientes cercan\u00eda, operatividad y respuesta directa donde m\u00e1s la necesiten. M\u00e1s informaci\u00f3n Espa\u00f1a &#8230; <a title=\"Presencia\" class=\"read-more\" href=\"https:\/\/www.pilsa.com\/info\/es\/presencia\/\" aria-label=\"Read more about Presencia\">Read more<\/a><\/p>\n","protected":false},"author":1,"featured_media":0,"parent":0,"menu_order":0,"comment_status":"closed","ping_status":"closed","template":"","meta":{"_acf_changed":false,"iawp_total_views":133,"footnotes":""},"class_list":["post-3231","page","type-page","status-publish"],"acf":[],"_links":{"self":[{"href":"https:\/\/www.pilsa.com\/info\/es\/wp-json\/wp\/v2\/pages\/3231","targetHints":{"allow":["GET"]}}],"collection":[{"href":"https:\/\/www.pilsa.com\/info\/es\/wp-json\/wp\/v2\/pages"}],"about":[{"href":"https:\/\/www.pilsa.com\/info\/es\/wp-json\/wp\/v2\/types\/page"}],"author":[{"embeddable":true,"href":"https:\/\/www.pilsa.com\/info\/es\/wp-json\/wp\/v2\/users\/1"}],"replies":[{"embeddable":true,"href":"https:\/\/www.pilsa.com\/info\/es\/wp-json\/wp\/v2\/comments?post=3231"}],"version-history":[{"count":17,"href":"https:\/\/www.pilsa.com\/info\/es\/wp-json\/wp\/v2\/pages\/3231\/revisions"}],"predecessor-version":[{"id":3768,"href":"https:\/\/www.pilsa.com\/info\/es\/wp-json\/wp\/v2\/pages\/3231\/revisions\/3768"}],"wp:attachment":[{"href":"https:\/\/www.pilsa.com\/info\/es\/wp-json\/wp\/v2\/media?parent=3231"}],"curies":[{"name":"wp","href":"https:\/\/api.w.org\/{rel}","templated":true}]}}